{"id":2182,"date":"2017-01-09T10:22:29","date_gmt":"2017-01-09T10:22:29","guid":{"rendered":"https:\/\/www.crossfit-etxea.fr\/fr\/home-copy\/"},"modified":"2023-06-08T08:51:46","modified_gmt":"2023-06-08T08:51:46","slug":"home-1-onepage","status":"publish","type":"page","link":"https:\/\/www.crossfit-etxea.fr\/fr\/","title":{"rendered":"Accueil"},"content":{"rendered":"\n<div class=\"wp-block-cover alignfull\" style=\"min-height:600px\"><span aria-hidden=\"true\" class=\"wp-block-cover__background has-background-dim-80 has-background-dim\"><\/span><img decoding=\"async\" loading=\"lazy\" width=\"1700\" height=\"773\" class=\"wp-block-cover__image-background wp-image-3168\" alt=\"\" src=\"https:\/\/www.crossfit-etxea.fr\/fr\/wp-content\/uploads\/crossfit-etxea-biaritz.jpg\" data-object-fit=\"cover\" srcset=\"https:\/\/www.crossfit-etxea.fr\/fr\/wp-content\/uploads\/crossfit-etxea-biaritz.jpg 1700w, https:\/\/www.crossfit-etxea.fr\/fr\/wp-content\/uploads\/crossfit-etxea-biaritz-300x136.jpg 300w, https:\/\/www.crossfit-etxea.fr\/fr\/wp-content\/uploads\/crossfit-etxea-biaritz-1024x466.jpg 1024w, https:\/\/www.crossfit-etxea.fr\/fr\/wp-content\/uploads\/crossfit-etxea-biaritz-150x68.jpg 150w, https:\/\/www.crossfit-etxea.fr\/fr\/wp-content\/uploads\/crossfit-etxea-biaritz-768x349.jpg 768w, https:\/\/www.crossfit-etxea.fr\/fr\/wp-content\/uploads\/crossfit-etxea-biaritz-1536x698.jpg 1536w\" sizes=\"(max-width: 1700px) 100vw, 1700px\" \/><div class=\"wp-block-cover__inner-container is-layout-flow wp-block-cover-is-layout-flow\">\n<div class=\"wp-block-columns is-style-twentytwentyone-columns-overlap is-layout-flex wp-container-4 wp-block-columns-is-layout-flex\">\n<div class=\"wp-block-column is-layout-flow wp-block-column-is-layout-flow\"><\/div>\n\n\n\n<div class=\"wp-block-column is-layout-flow wp-block-column-is-layout-flow\">\n<h1 class=\"wp-block-heading\">Salle de <strong>CrossFit<\/strong> \/ Fitness<br>\u00e0 ANGLET<\/h1>\n<\/div>\n\n\n\n<div class=\"wp-block-column is-layout-flow wp-block-column-is-layout-flow\"><\/div>\n<\/div>\n\n\n\n<div class=\"wp-block-columns is-style-twentytwentyone-columns-overlap is-layout-flex wp-container-9 wp-block-columns-is-layout-flex\">\n<div class=\"wp-block-column is-layout-flow wp-block-column-is-layout-flow\"><\/div>\n\n\n\n<div class=\"wp-block-column is-layout-flow wp-block-column-is-layout-flow\">\n<p><meta charset=\"utf-8\">R\u00e9servez votre <strong>s\u00e9ance d&rsquo;essai gratuite<\/strong> <br>en 30 secondes \ud83d\udc47<\/p>\n\n\n\n<div class=\"wp-block-buttons is-layout-flex wp-block-buttons-is-layout-flex\">\n<div class=\"wp-block-button\"><a class=\"wp-block-button__link has-text-color has-background wp-element-button\" href=\"https:\/\/www.crossfit-etxea.fr\/fr\/tester-crossfit-gratuit\/\" style=\"color:#ffffff;background-color:#f86b34\">Je fais un essai gratuit<\/a><\/div>\n<\/div>\n<\/div>\n\n\n\n<div class=\"wp-block-column is-layout-flow wp-block-column-is-layout-flow\"><\/div>\n<\/div>\n\n\n\n<p><\/p>\n<\/div><\/div>\n\n\n\n<div class=\"wp-block-columns alignfull nomarginbottom hidethat has-nv-site-bg-color has-text-color has-background is-layout-flex wp-container-17 wp-block-columns-is-layout-flex\" style=\"background:linear-gradient(180deg,rgb(108,189,162) 4%,rgb(81,181,147) 100%)\">\n<div class=\"wp-block-column is-vertically-aligned-top is-layout-flow wp-block-column-is-layout-flow\" style=\"flex-basis:33.33%\">\n<h3 class=\"wp-block-heading has-text-align-right\">Planning de nos <br>s\u00e9ances de CrossFit<\/h3>\n\n\n\n<div class=\"wp-block-buttons is-horizontal is-content-justification-right is-layout-flex wp-container-11 wp-block-buttons-is-layout-flex\"><\/div>\n<\/div>\n\n\n\n<div class=\"wp-block-column is-vertically-aligned-top is-layout-flow wp-block-column-is-layout-flow\" style=\"flex-basis:60%\">\n<div class=\"wp-block-columns is-style-twentytwentyone-columns-overlap is-layout-flex wp-container-15 wp-block-columns-is-layout-flex\">\n<div class=\"wp-block-column is-vertically-aligned-top is-layout-flow wp-block-column-is-layout-flow\">\n<p class=\"has-text-align-left has-nv-site-bg-color has-text-color\"><strong>S\u00e9ances CrossFit du lundi au vendredi<br><\/strong>Matin : 06h30, 07h30 et 08h30<br>D\u00e9jeuner : 12h15 et 13h15<br>Soir : 17h00, 18h00, 19h00 et 20h00<\/p>\n<\/div>\n\n\n\n<div class=\"wp-block-column is-vertically-aligned-top is-layout-flow wp-block-column-is-layout-flow\">\n<p class=\"has-text-align-left has-nv-site-bg-color has-text-color\"><strong>S\u00e9ances CrossFit du week-end<br><\/strong>Samedi 10h00 et 11h00 <br>Dimanche 10h00, 11h00<\/p>\n<\/div>\n<\/div>\n\n\n\n<p class=\"has-text-align-left has-nv-site-bg-color has-text-color\">Cours pour les Kids et les Teen <strong>tous les mercredis et les samedis<\/strong><\/p>\n<\/div>\n<\/div>\n\n\n\n<div class=\"wp-block-columns is-style-twentytwentyone-columns-overlap nomarginbottom has-background is-layout-flex wp-container-22 wp-block-columns-is-layout-flex\" style=\"background-color:#f8dd5d\">\n<div class=\"wp-block-column is-layout-flow wp-block-column-is-layout-flow\" style=\"flex-basis:33.33%\">\n<h2 class=\"wp-block-heading\"><strong>Notre salle de fitness<\/strong><\/h2>\n\n\n\n<p>en quelques images. Notre salle de CrossFit est \u00e9quip\u00e9e de dumbbells, barebells, poids, racks&#8230;<\/p>\n<\/div>\n\n\n\n<div class=\"wp-block-column is-layout-flow wp-block-column-is-layout-flow\" style=\"flex-basis:66.66%\">\n<figure class=\"wp-block-gallery has-nested-images columns-3 is-cropped wp-block-gallery-19 is-layout-flex wp-block-gallery-is-layout-flex\">\n<figure class=\"wp-block-image size-large\"><img decoding=\"async\" loading=\"lazy\" width=\"768\" height=\"1024\" src=\"https:\/\/www.crossfit-etxea.fr\/fr\/wp-content\/uploads\/dumbell-crossfit-bayonne-biaritz-etxea-768x1024.jpg\" alt=\"\" class=\"wp-image-3175\" srcset=\"https:\/\/www.crossfit-etxea.fr\/fr\/wp-content\/uploads\/dumbell-crossfit-bayonne-biaritz-etxea-768x1024.jpg 768w, https:\/\/www.crossfit-etxea.fr\/fr\/wp-content\/uploads\/dumbell-crossfit-bayonne-biaritz-etxea-225x300.jpg 225w, https:\/\/www.crossfit-etxea.fr\/fr\/wp-content\/uploads\/dumbell-crossfit-bayonne-biaritz-etxea-113x150.jpg 113w, https:\/\/www.crossfit-etxea.fr\/fr\/wp-content\/uploads\/dumbell-crossfit-bayonne-biaritz-etxea-1152x1536.jpg 1152w, https:\/\/www.crossfit-etxea.fr\/fr\/wp-content\/uploads\/dumbell-crossfit-bayonne-biaritz-etxea.jpg 1200w\" sizes=\"(max-width: 768px) 100vw, 768px\" \/><\/figure>\n\n\n\n<figure class=\"wp-block-image size-large\"><img decoding=\"async\" loading=\"lazy\" width=\"768\" height=\"1024\" src=\"https:\/\/www.crossfit-etxea.fr\/fr\/wp-content\/uploads\/crossfit-etxea-fitness-768x1024.jpg\" alt=\"\" class=\"wp-image-3173\" srcset=\"https:\/\/www.crossfit-etxea.fr\/fr\/wp-content\/uploads\/crossfit-etxea-fitness-768x1024.jpg 768w, https:\/\/www.crossfit-etxea.fr\/fr\/wp-content\/uploads\/crossfit-etxea-fitness-225x300.jpg 225w, https:\/\/www.crossfit-etxea.fr\/fr\/wp-content\/uploads\/crossfit-etxea-fitness-113x150.jpg 113w, https:\/\/www.crossfit-etxea.fr\/fr\/wp-content\/uploads\/crossfit-etxea-fitness.jpg 1050w\" sizes=\"(max-width: 768px) 100vw, 768px\" \/><\/figure>\n\n\n\n<figure class=\"wp-block-image size-large\"><img decoding=\"async\" loading=\"lazy\" width=\"968\" height=\"1024\" src=\"https:\/\/www.crossfit-etxea.fr\/fr\/wp-content\/uploads\/crossfit-etxea-teeshirt-968x1024.jpg\" alt=\"\" class=\"wp-image-3174\" srcset=\"https:\/\/www.crossfit-etxea.fr\/fr\/wp-content\/uploads\/crossfit-etxea-teeshirt-968x1024.jpg 968w, https:\/\/www.crossfit-etxea.fr\/fr\/wp-content\/uploads\/crossfit-etxea-teeshirt-284x300.jpg 284w, https:\/\/www.crossfit-etxea.fr\/fr\/wp-content\/uploads\/crossfit-etxea-teeshirt-142x150.jpg 142w, https:\/\/www.crossfit-etxea.fr\/fr\/wp-content\/uploads\/crossfit-etxea-teeshirt-768x813.jpg 768w, https:\/\/www.crossfit-etxea.fr\/fr\/wp-content\/uploads\/crossfit-etxea-teeshirt.jpg 1134w\" sizes=\"(max-width: 968px) 100vw, 968px\" \/><\/figure>\n\n\n\n<figure class=\"wp-block-image size-large\"><img decoding=\"async\" loading=\"lazy\" width=\"1024\" height=\"466\" src=\"https:\/\/www.crossfit-etxea.fr\/fr\/wp-content\/uploads\/crossfit-etxea-biaritz-1024x466.jpg\" alt=\"CrossFit Biaritz Etxea Bayonne\" class=\"wp-image-3168\" srcset=\"https:\/\/www.crossfit-etxea.fr\/fr\/wp-content\/uploads\/crossfit-etxea-biaritz-1024x466.jpg 1024w, https:\/\/www.crossfit-etxea.fr\/fr\/wp-content\/uploads\/crossfit-etxea-biaritz-300x136.jpg 300w, https:\/\/www.crossfit-etxea.fr\/fr\/wp-content\/uploads\/crossfit-etxea-biaritz-150x68.jpg 150w, https:\/\/www.crossfit-etxea.fr\/fr\/wp-content\/uploads\/crossfit-etxea-biaritz-768x349.jpg 768w, https:\/\/www.crossfit-etxea.fr\/fr\/wp-content\/uploads\/crossfit-etxea-biaritz-1536x698.jpg 1536w, https:\/\/www.crossfit-etxea.fr\/fr\/wp-content\/uploads\/crossfit-etxea-biaritz.jpg 1700w\" sizes=\"(max-width: 1024px) 100vw, 1024px\" \/><\/figure>\n<\/figure>\n<\/div>\n<\/div>\n\n\n\n<div class=\"wp-block-columns is-style-twentytwentyone-columns-overlap nomarginbottom has-nv-dark-bg-background-color has-background is-layout-flex wp-container-26 wp-block-columns-is-layout-flex\">\n<div class=\"wp-block-column is-layout-flow wp-block-column-is-layout-flow\">\n<figure class=\"wp-block-image\"><a href=\"https:\/\/journal.crossfit.com\/\" target=\"_blank\" rel=\"noopener\"><img decoding=\"async\" loading=\"lazy\" width=\"125\" height=\"63\" src=\"https:\/\/www.crossfit-etxea.fr\/fr\/wp-content\/uploads\/crossfit-journal-logo.png\" alt=\"\" class=\"wp-image-3068\"\/><\/a><\/figure>\n\n\n\n<p class=\"has-nv-site-bg-color has-text-color\">\u00a9 2021 Crossfit\u00ae Etxea, tous droits r\u00e9serv\u00e9s.<\/p>\n\n\n\n<p class=\"has-text-color\" style=\"color:#9d9d9d\">Code &amp; Design par&nbsp;<a rel=\"noreferrer noopener\" href=\"https:\/\/www.linkedin.com\/in\/damienjordanpro\/\" target=\"_blank\">Damien JORDAN<\/a><\/p>\n<\/div>\n\n\n\n<div class=\"wp-block-column is-vertically-aligned-bottom is-layout-flow wp-block-column-is-layout-flow\">\n<p class=\"has-text-align-right has-nv-site-bg-color has-text-color\"><strong>NOUS CONTACTER<\/strong><br><a href=\"mailto:contact@crossfit-etxea.fr\">contact@crossfit-etxea.fr<\/a> <br>ou <a href=\"tel:+33788924601\">+33 7 88 92 46 01<\/a><br><br>4 all\u00e9e des artisans Anglet 64600<br>Nous trouver <a rel=\"noreferrer noopener\" href=\"https:\/\/g.page\/r\/CeHLL8LWsa3nEBA\" target=\"_blank\">sur Google Maps<\/a><\/p>\n\n\n\n<ul class=\"wp-block-social-links alignright has-large-icon-size has-icon-color has-icon-background-color items-justified-right items-justified-space-between is-style-default is-layout-flex wp-block-social-links-is-layout-flex\"><li style=\"color: var(--nv-site-bg); background-color: var(--nv-dark-bg); \" class=\"wp-social-link wp-social-link-facebook has-nv-site-bg-color has-nv-dark-bg-background-color wp-block-social-link\"><a rel=\" noopener nofollow\" target=\"_blank\" href=\"https:\/\/facebook.com\" class=\"wp-block-social-link-anchor\"><svg width=\"24\" height=\"24\" viewBox=\"0 0 24 24\" version=\"1.1\" xmlns=\"http:\/\/www.w3.org\/2000\/svg\" aria-hidden=\"true\" focusable=\"false\"><path d=\"M12 2C6.5 2 2 6.5 2 12c0 5 3.7 9.1 8.4 9.9v-7H7.9V12h2.5V9.8c0-2.5 1.5-3.9 3.8-3.9 1.1 0 2.2.2 2.2.2v2.5h-1.3c-1.2 0-1.6.8-1.6 1.6V12h2.8l-.4 2.9h-2.3v7C18.3 21.1 22 17 22 12c0-5.5-4.5-10-10-10z\"><\/path><\/svg><span class=\"wp-block-social-link-label screen-reader-text\">Facebook<\/span><\/a><\/li>\n\n<li style=\"color: var(--nv-site-bg); background-color: var(--nv-dark-bg); \" class=\"wp-social-link wp-social-link-instagram has-nv-site-bg-color has-nv-dark-bg-background-color wp-block-social-link\"><a rel=\" noopener nofollow\" target=\"_blank\" href=\"https:\/\/instagram.com\" class=\"wp-block-social-link-anchor\"><svg width=\"24\" height=\"24\" viewBox=\"0 0 24 24\" version=\"1.1\" xmlns=\"http:\/\/www.w3.org\/2000\/svg\" aria-hidden=\"true\" focusable=\"false\"><path d=\"M12,4.622c2.403,0,2.688,0.009,3.637,0.052c0.877,0.04,1.354,0.187,1.671,0.31c0.42,0.163,0.72,0.358,1.035,0.673 c0.315,0.315,0.51,0.615,0.673,1.035c0.123,0.317,0.27,0.794,0.31,1.671c0.043,0.949,0.052,1.234,0.052,3.637 s-0.009,2.688-0.052,3.637c-0.04,0.877-0.187,1.354-0.31,1.671c-0.163,0.42-0.358,0.72-0.673,1.035 c-0.315,0.315-0.615,0.51-1.035,0.673c-0.317,0.123-0.794,0.27-1.671,0.31c-0.949,0.043-1.233,0.052-3.637,0.052 s-2.688-0.009-3.637-0.052c-0.877-0.04-1.354-0.187-1.671-0.31c-0.42-0.163-0.72-0.358-1.035-0.673 c-0.315-0.315-0.51-0.615-0.673-1.035c-0.123-0.317-0.27-0.794-0.31-1.671C4.631,14.688,4.622,14.403,4.622,12 s0.009-2.688,0.052-3.637c0.04-0.877,0.187-1.354,0.31-1.671c0.163-0.42,0.358-0.72,0.673-1.035 c0.315-0.315,0.615-0.51,1.035-0.673c0.317-0.123,0.794-0.27,1.671-0.31C9.312,4.631,9.597,4.622,12,4.622 M12,3 C9.556,3,9.249,3.01,8.289,3.054C7.331,3.098,6.677,3.25,6.105,3.472C5.513,3.702,5.011,4.01,4.511,4.511 c-0.5,0.5-0.808,1.002-1.038,1.594C3.25,6.677,3.098,7.331,3.054,8.289C3.01,9.249,3,9.556,3,12c0,2.444,0.01,2.751,0.054,3.711 c0.044,0.958,0.196,1.612,0.418,2.185c0.23,0.592,0.538,1.094,1.038,1.594c0.5,0.5,1.002,0.808,1.594,1.038 c0.572,0.222,1.227,0.375,2.185,0.418C9.249,20.99,9.556,21,12,21s2.751-0.01,3.711-0.054c0.958-0.044,1.612-0.196,2.185-0.418 c0.592-0.23,1.094-0.538,1.594-1.038c0.5-0.5,0.808-1.002,1.038-1.594c0.222-0.572,0.375-1.227,0.418-2.185 C20.99,14.751,21,14.444,21,12s-0.01-2.751-0.054-3.711c-0.044-0.958-0.196-1.612-0.418-2.185c-0.23-0.592-0.538-1.094-1.038-1.594 c-0.5-0.5-1.002-0.808-1.594-1.038c-0.572-0.222-1.227-0.375-2.185-0.418C14.751,3.01,14.444,3,12,3L12,3z M12,7.378 c-2.552,0-4.622,2.069-4.622,4.622S9.448,16.622,12,16.622s4.622-2.069,4.622-4.622S14.552,7.378,12,7.378z M12,15 c-1.657,0-3-1.343-3-3s1.343-3,3-3s3,1.343,3,3S13.657,15,12,15z M16.804,6.116c-0.596,0-1.08,0.484-1.08,1.08 s0.484,1.08,1.08,1.08c0.596,0,1.08-0.484,1.08-1.08S17.401,6.116,16.804,6.116z\"><\/path><\/svg><span class=\"wp-block-social-link-label screen-reader-text\">Instagram<\/span><\/a><\/li>\n\n<li style=\"color: var(--nv-site-bg); background-color: var(--nv-dark-bg); \" class=\"wp-social-link wp-social-link-linkedin has-nv-site-bg-color has-nv-dark-bg-background-color wp-block-social-link\"><a rel=\" noopener nofollow\" target=\"_blank\" href=\"https:\/\/linkedin.com\" class=\"wp-block-social-link-anchor\"><svg width=\"24\" height=\"24\" viewBox=\"0 0 24 24\" version=\"1.1\" xmlns=\"http:\/\/www.w3.org\/2000\/svg\" aria-hidden=\"true\" focusable=\"false\"><path d=\"M19.7,3H4.3C3.582,3,3,3.582,3,4.3v15.4C3,20.418,3.582,21,4.3,21h15.4c0.718,0,1.3-0.582,1.3-1.3V4.3 C21,3.582,20.418,3,19.7,3z M8.339,18.338H5.667v-8.59h2.672V18.338z M7.004,8.574c-0.857,0-1.549-0.694-1.549-1.548 c0-0.855,0.691-1.548,1.549-1.548c0.854,0,1.547,0.694,1.547,1.548C8.551,7.881,7.858,8.574,7.004,8.574z M18.339,18.338h-2.669 v-4.177c0-0.996-0.017-2.278-1.387-2.278c-1.389,0-1.601,1.086-1.601,2.206v4.249h-2.667v-8.59h2.559v1.174h0.037 c0.356-0.675,1.227-1.387,2.526-1.387c2.703,0,3.203,1.779,3.203,4.092V18.338z\"><\/path><\/svg><span class=\"wp-block-social-link-label screen-reader-text\">LinkedIn<\/span><\/a><\/li>\n\n<li style=\"color: var(--nv-site-bg); background-color: var(--nv-dark-bg); \" class=\"wp-social-link wp-social-link-mail has-nv-site-bg-color has-nv-dark-bg-background-color wp-block-social-link\"><a rel=\" noopener nofollow\" target=\"_blank\" href=\"mailto:contact@crossfit-etxea.fr\" class=\"wp-block-social-link-anchor\"><svg width=\"24\" height=\"24\" viewBox=\"0 0 24 24\" version=\"1.1\" xmlns=\"http:\/\/www.w3.org\/2000\/svg\" aria-hidden=\"true\" focusable=\"false\"><path d=\"M19,5H5c-1.1,0-2,.9-2,2v10c0,1.1.9,2,2,2h14c1.1,0,2-.9,2-2V7c0-1.1-.9-2-2-2zm.5,12c0,.3-.2.5-.5.5H5c-.3,0-.5-.2-.5-.5V9.8l7.5,5.6,7.5-5.6V17zm0-9.1L12,13.6,4.5,7.9V7c0-.3.2-.5.5-.5h14c.3,0,.5.2.5.5v.9z\"><\/path><\/svg><span class=\"wp-block-social-link-label screen-reader-text\">Mail Etxea<\/span><\/a><\/li><\/ul>\n<\/div>\n<\/div>\n","protected":false},"excerpt":{"rendered":"<p>Planning de nos s\u00e9ances de CrossFit S\u00e9ances CrossFit du lundi au vendrediMatin : 06h30, 07h30 et 08h30D\u00e9jeuner : 12h15 et 13h15Soir : 17h00, 18h00, 19h00 et 20h00 S\u00e9ances CrossFit du week-endSamedi 10h00 et 11h00 Dimanche 10h00, 11h00 Cours pour les Kids et les Teen tous les mercredis et les samedis Notre salle de fitness en&hellip;&nbsp;<a href=\"https:\/\/www.crossfit-etxea.fr\/fr\/\" class=\"\" rel=\"bookmark\">Lire la suite &raquo;<span class=\"screen-reader-text\">Accueil<\/span><\/a><\/p>\n","protected":false},"author":1,"featured_media":3043,"parent":0,"menu_order":0,"comment_status":"closed","ping_status":"closed","template":"","meta":{"neve_meta_sidebar":"default","neve_meta_container":"full-width","neve_meta_enable_content_width":"off","neve_meta_content_width":40,"neve_meta_title_alignment":"left","neve_meta_author_avatar":"","neve_post_elements_order":"","neve_meta_disable_header":"off","neve_meta_disable_footer":"on","neve_meta_disable_title":"on","footnotes":""},"yoast_head":"<!-- This site is optimized with the Yoast SEO plugin v20.13 - https:\/\/yoast.com\/wordpress\/plugins\/seo\/ -->\n<title>CrossFit Etxea - Salle crossfit, fitness \u00e0 Anglet, Biarritz<\/title>\n<meta name=\"description\" content=\"\ud83c\udfcb\ud83c\udffc\u200d\u2642\ufe0f Salle de Crossfit, fitness \u00e0 Anglet, Bayonne, Biarritz. S\u00e9ance d&#039;essai au Crossfit gratuite. R\u00e9servation en ligne.\" \/>\n<meta name=\"robots\" content=\"index, follow, max-snippet:-1, max-image-preview:large, max-video-preview:-1\" \/>\n<link rel=\"canonical\" href=\"https:\/\/www.crossfit-etxea.fr\/fr\/\" \/>\n<meta property=\"og:locale\" content=\"fr_FR\" \/>\n<meta property=\"og:type\" content=\"article\" \/>\n<meta property=\"og:title\" content=\"CrossFit Etxea - Salle crossfit, fitness \u00e0 Anglet, Biarritz\" \/>\n<meta property=\"og:description\" content=\"\ud83c\udfcb\ud83c\udffc\u200d\u2642\ufe0f Salle de Crossfit, fitness \u00e0 Anglet, Bayonne, Biarritz. S\u00e9ance d&#039;essai au Crossfit gratuite. R\u00e9servation en ligne.\" \/>\n<meta property=\"og:url\" content=\"https:\/\/www.crossfit-etxea.fr\/fr\/\" \/>\n<meta property=\"og:site_name\" content=\"CrossFit Etxea\" \/>\n<meta property=\"article:modified_time\" content=\"2023-06-08T08:51:46+00:00\" \/>\n<meta property=\"og:image\" content=\"https:\/\/www.crossfit-etxea.fr\/fr\/wp-content\/uploads\/jonathan-borba-zfPOelmDc-M-unsplash-scaled.jpg\" \/>\n\t<meta property=\"og:image:width\" content=\"2560\" \/>\n\t<meta property=\"og:image:height\" content=\"1707\" \/>\n\t<meta property=\"og:image:type\" content=\"image\/jpeg\" \/>\n<meta name=\"twitter:card\" content=\"summary_large_image\" \/>\n<script type=\"application\/ld+json\" class=\"yoast-schema-graph\">{\"@context\":\"https:\/\/schema.org\",\"@graph\":[{\"@type\":\"WebPage\",\"@id\":\"https:\/\/www.crossfit-etxea.fr\/fr\/\",\"url\":\"https:\/\/www.crossfit-etxea.fr\/fr\/\",\"name\":\"CrossFit Etxea - Salle crossfit, fitness \u00e0 Anglet, Biarritz\",\"isPartOf\":{\"@id\":\"https:\/\/www.crossfit-etxea.fr\/fr\/#website\"},\"datePublished\":\"2017-01-09T10:22:29+00:00\",\"dateModified\":\"2023-06-08T08:51:46+00:00\",\"description\":\"\ud83c\udfcb\ud83c\udffc\u200d\u2642\ufe0f Salle de Crossfit, fitness \u00e0 Anglet, Bayonne, Biarritz. S\u00e9ance d'essai au Crossfit gratuite. R\u00e9servation en ligne.\",\"breadcrumb\":{\"@id\":\"https:\/\/www.crossfit-etxea.fr\/fr\/#breadcrumb\"},\"inLanguage\":\"fr-FR\",\"potentialAction\":[{\"@type\":\"ReadAction\",\"target\":[\"https:\/\/www.crossfit-etxea.fr\/fr\/\"]}]},{\"@type\":\"BreadcrumbList\",\"@id\":\"https:\/\/www.crossfit-etxea.fr\/fr\/#breadcrumb\",\"itemListElement\":[{\"@type\":\"ListItem\",\"position\":1,\"name\":\"Accueil\",\"item\":\"https:\/\/www.crossfit-etxea.fr\/fr\/\"},{\"@type\":\"ListItem\",\"position\":2,\"name\":\"Accueil\"}]},{\"@type\":\"WebSite\",\"@id\":\"https:\/\/www.crossfit-etxea.fr\/fr\/#website\",\"url\":\"https:\/\/www.crossfit-etxea.fr\/fr\/\",\"name\":\"CrossFit Etxea\",\"description\":\"Maison du Fitness\",\"publisher\":{\"@id\":\"https:\/\/www.crossfit-etxea.fr\/fr\/#organization\"},\"potentialAction\":[{\"@type\":\"SearchAction\",\"target\":{\"@type\":\"EntryPoint\",\"urlTemplate\":\"https:\/\/www.crossfit-etxea.fr\/fr\/?s={search_term_string}\"},\"query-input\":\"required name=search_term_string\"}],\"inLanguage\":\"fr-FR\"},{\"@type\":\"Organization\",\"@id\":\"https:\/\/www.crossfit-etxea.fr\/fr\/#organization\",\"name\":\"CrossFit Etxea\",\"url\":\"https:\/\/www.crossfit-etxea.fr\/fr\/\",\"logo\":{\"@type\":\"ImageObject\",\"inLanguage\":\"fr-FR\",\"@id\":\"https:\/\/www.crossfit-etxea.fr\/fr\/#\/schema\/logo\/image\/\",\"url\":\"https:\/\/www.crossfit-etxea.fr\/fr\/wp-content\/uploads\/Crossfit-Etxea.png\",\"contentUrl\":\"https:\/\/www.crossfit-etxea.fr\/fr\/wp-content\/uploads\/Crossfit-Etxea.png\",\"width\":500,\"height\":385,\"caption\":\"CrossFit Etxea\"},\"image\":{\"@id\":\"https:\/\/www.crossfit-etxea.fr\/fr\/#\/schema\/logo\/image\/\"},\"sameAs\":[\"https:\/\/www.instagram.com\/crossfitetxea64\"]}]}<\/script>\n<!-- \/ Yoast SEO plugin. -->","yoast_head_json":{"title":"CrossFit Etxea - Salle crossfit, fitness \u00e0 Anglet, Biarritz","description":"\ud83c\udfcb\ud83c\udffc\u200d\u2642\ufe0f Salle de Crossfit, fitness \u00e0 Anglet, Bayonne, Biarritz. S\u00e9ance d'essai au Crossfit gratuite. R\u00e9servation en ligne.","robots":{"index":"index","follow":"follow","max-snippet":"max-snippet:-1","max-image-preview":"max-image-preview:large","max-video-preview":"max-video-preview:-1"},"canonical":"https:\/\/www.crossfit-etxea.fr\/fr\/","og_locale":"fr_FR","og_type":"article","og_title":"CrossFit Etxea - Salle crossfit, fitness \u00e0 Anglet, Biarritz","og_description":"\ud83c\udfcb\ud83c\udffc\u200d\u2642\ufe0f Salle de Crossfit, fitness \u00e0 Anglet, Bayonne, Biarritz. S\u00e9ance d'essai au Crossfit gratuite. R\u00e9servation en ligne.","og_url":"https:\/\/www.crossfit-etxea.fr\/fr\/","og_site_name":"CrossFit Etxea","article_modified_time":"2023-06-08T08:51:46+00:00","og_image":[{"width":2560,"height":1707,"url":"https:\/\/www.crossfit-etxea.fr\/fr\/wp-content\/uploads\/jonathan-borba-zfPOelmDc-M-unsplash-scaled.jpg","type":"image\/jpeg"}],"twitter_card":"summary_large_image","schema":{"@context":"https:\/\/schema.org","@graph":[{"@type":"WebPage","@id":"https:\/\/www.crossfit-etxea.fr\/fr\/","url":"https:\/\/www.crossfit-etxea.fr\/fr\/","name":"CrossFit Etxea - Salle crossfit, fitness \u00e0 Anglet, Biarritz","isPartOf":{"@id":"https:\/\/www.crossfit-etxea.fr\/fr\/#website"},"datePublished":"2017-01-09T10:22:29+00:00","dateModified":"2023-06-08T08:51:46+00:00","description":"\ud83c\udfcb\ud83c\udffc\u200d\u2642\ufe0f Salle de Crossfit, fitness \u00e0 Anglet, Bayonne, Biarritz. S\u00e9ance d'essai au Crossfit gratuite. R\u00e9servation en ligne.","breadcrumb":{"@id":"https:\/\/www.crossfit-etxea.fr\/fr\/#breadcrumb"},"inLanguage":"fr-FR","potentialAction":[{"@type":"ReadAction","target":["https:\/\/www.crossfit-etxea.fr\/fr\/"]}]},{"@type":"BreadcrumbList","@id":"https:\/\/www.crossfit-etxea.fr\/fr\/#breadcrumb","itemListElement":[{"@type":"ListItem","position":1,"name":"Accueil","item":"https:\/\/www.crossfit-etxea.fr\/fr\/"},{"@type":"ListItem","position":2,"name":"Accueil"}]},{"@type":"WebSite","@id":"https:\/\/www.crossfit-etxea.fr\/fr\/#website","url":"https:\/\/www.crossfit-etxea.fr\/fr\/","name":"CrossFit Etxea","description":"Maison du Fitness","publisher":{"@id":"https:\/\/www.crossfit-etxea.fr\/fr\/#organization"},"potentialAction":[{"@type":"SearchAction","target":{"@type":"EntryPoint","urlTemplate":"https:\/\/www.crossfit-etxea.fr\/fr\/?s={search_term_string}"},"query-input":"required name=search_term_string"}],"inLanguage":"fr-FR"},{"@type":"Organization","@id":"https:\/\/www.crossfit-etxea.fr\/fr\/#organization","name":"CrossFit Etxea","url":"https:\/\/www.crossfit-etxea.fr\/fr\/","logo":{"@type":"ImageObject","inLanguage":"fr-FR","@id":"https:\/\/www.crossfit-etxea.fr\/fr\/#\/schema\/logo\/image\/","url":"https:\/\/www.crossfit-etxea.fr\/fr\/wp-content\/uploads\/Crossfit-Etxea.png","contentUrl":"https:\/\/www.crossfit-etxea.fr\/fr\/wp-content\/uploads\/Crossfit-Etxea.png","width":500,"height":385,"caption":"CrossFit Etxea"},"image":{"@id":"https:\/\/www.crossfit-etxea.fr\/fr\/#\/schema\/logo\/image\/"},"sameAs":["https:\/\/www.instagram.com\/crossfitetxea64"]}]}},"_links":{"self":[{"href":"https:\/\/www.crossfit-etxea.fr\/fr\/wp-json\/wp\/v2\/pages\/2182"}],"collection":[{"href":"https:\/\/www.crossfit-etxea.fr\/fr\/wp-json\/wp\/v2\/pages"}],"about":[{"href":"https:\/\/www.crossfit-etxea.fr\/fr\/wp-json\/wp\/v2\/types\/page"}],"author":[{"embeddable":true,"href":"https:\/\/www.crossfit-etxea.fr\/fr\/wp-json\/wp\/v2\/users\/1"}],"replies":[{"embeddable":true,"href":"https:\/\/www.crossfit-etxea.fr\/fr\/wp-json\/wp\/v2\/comments?post=2182"}],"version-history":[{"count":77,"href":"https:\/\/www.crossfit-etxea.fr\/fr\/wp-json\/wp\/v2\/pages\/2182\/revisions"}],"predecessor-version":[{"id":3207,"href":"https:\/\/www.crossfit-etxea.fr\/fr\/wp-json\/wp\/v2\/pages\/2182\/revisions\/3207"}],"wp:featuredmedia":[{"embeddable":true,"href":"https:\/\/www.crossfit-etxea.fr\/fr\/wp-json\/wp\/v2\/media\/3043"}],"wp:attachment":[{"href":"https:\/\/www.crossfit-etxea.fr\/fr\/wp-json\/wp\/v2\/media?parent=2182"}],"curies":[{"name":"wp","href":"https:\/\/api.w.org\/{rel}","templated":true}]}}