{"id":3159,"date":"2022-01-09T16:57:09","date_gmt":"2022-01-09T16:57:09","guid":{"rendered":"https:\/\/www.crossfit-etxea.fr\/fr\/?page_id=3159"},"modified":"2022-01-09T16:58:31","modified_gmt":"2022-01-09T16:58:31","slug":"tester-crossfit-gratuit","status":"publish","type":"page","link":"https:\/\/www.crossfit-etxea.fr\/fr\/tester-crossfit-gratuit\/","title":{"rendered":"S\u00e9ance d&rsquo;essai gratuite"},"content":{"rendered":"\n<p>Testez notre salle de CrossFit, fitness en <strong>r\u00e9servant votre s\u00e9ance d\u2019essai gratuite<\/strong>.<br>Nous revenons vers vous par t\u00e9l\u00e9phone ou par mail pour d\u00e9finir la date et vous accompagner.<\/p>\n\n\n<div class=\"wpforms-container wpforms-container-full wpforms-block\" id=\"wpforms-3158\"><form id=\"wpforms-form-3158\" class=\"wpforms-validate wpforms-form wpforms-ajax-form\" data-formid=\"3158\" method=\"post\" enctype=\"multipart\/form-data\" action=\"\/fr\/wp-json\/wp\/v2\/pages\/3159\" data-token=\"8ccd743fc67432319ebadf7cfe4f8c30\"><noscript class=\"wpforms-error-noscript\">Veuillez activer JavaScript dans votre navigateur pour remplir ce formulaire.<\/noscript><div class=\"wpforms-field-container\"><div id=\"wpforms-3158-field_2-container\" class=\"wpforms-field wpforms-field-name\" data-field-id=\"2\"><label class=\"wpforms-field-label\" for=\"wpforms-3158-field_2\">Nom <span class=\"wpforms-required-label\">*<\/span><\/label><div class=\"wpforms-field-row wpforms-field-medium\"><div class=\"wpforms-field-row-block wpforms-first wpforms-one-half\"><input type=\"text\" id=\"wpforms-3158-field_2\" class=\"wpforms-field-name-first wpforms-field-required\" name=\"wpforms[fields][2][first]\" required><label for=\"wpforms-3158-field_2\" class=\"wpforms-field-sublabel after \">Pr\u00e9nom<\/label><\/div><div class=\"wpforms-field-row-block wpforms-one-half\"><input type=\"text\" id=\"wpforms-3158-field_2-last\" class=\"wpforms-field-name-last wpforms-field-required\" name=\"wpforms[fields][2][last]\" required><label for=\"wpforms-3158-field_2-last\" class=\"wpforms-field-sublabel after \">Nom<\/label><\/div><\/div><\/div><div id=\"wpforms-3158-field_3-container\" class=\"wpforms-field wpforms-field-email\" data-field-id=\"3\"><label class=\"wpforms-field-label\" for=\"wpforms-3158-field_3\">E-mail <span class=\"wpforms-required-label\">*<\/span><\/label><input type=\"email\" id=\"wpforms-3158-field_3\" class=\"wpforms-field-medium wpforms-field-required\" name=\"wpforms[fields][3]\" spellcheck=\"false\" required><\/div><div id=\"wpforms-3158-field_5-container\" class=\"wpforms-field wpforms-field-text\" data-field-id=\"5\"><label class=\"wpforms-field-label\" for=\"wpforms-3158-field_5\">T\u00e9l\u00e9phone <span class=\"wpforms-required-label\">*<\/span><\/label><input type=\"text\" id=\"wpforms-3158-field_5\" class=\"wpforms-field-medium wpforms-field-required\" name=\"wpforms[fields][5]\" placeholder=\"+33\" required><\/div><div id=\"wpforms-3158-field_6-container\" class=\"wpforms-field wpforms-field-gdpr-checkbox\" data-field-id=\"6\"><label class=\"wpforms-field-label wpforms-label-hide\" for=\"wpforms-3158-field_6\">Accord RGPD <span class=\"wpforms-required-label\">*<\/span><\/label><ul id=\"wpforms-3158-field_6\" class=\"wpforms-field-required\"><li class=\"choice-1\"><input type=\"checkbox\" id=\"wpforms-3158-field_6_1\" name=\"wpforms[fields][6][]\" value=\"J&#039;accepte que CrossFit Etxea stocke mes informations envoy\u00e9es afin qu\u2019ils puissent r\u00e9pondre \u00e0 ma requ\u00eate.\" required ><label class=\"wpforms-field-label-inline\" for=\"wpforms-3158-field_6_1\">J&rsquo;accepte que CrossFit Etxea stocke mes informations envoy\u00e9es afin qu\u2019ils puissent r\u00e9pondre \u00e0 ma requ\u00eate. <span class=\"wpforms-required-label\">*<\/span><\/label><\/li><\/ul><\/div><\/div><!-- .wpforms-field-container --><div class=\"wpforms-recaptcha-container wpforms-is-recaptcha\" ><div class=\"g-recaptcha\" data-sitekey=\"6LetQAAeAAAAABai25EOFadNP3rSbWvT3rz8Ws9c\"><\/div><input type=\"text\" name=\"g-recaptcha-hidden\" class=\"wpforms-recaptcha-hidden\" style=\"position:absolute!important;clip:rect(0,0,0,0)!important;height:1px!important;width:1px!important;border:0!important;overflow:hidden!important;padding:0!important;margin:0!important;\" data-rule-recaptcha=\"1\"><\/div><div class=\"wpforms-submit-container\" ><input type=\"hidden\" name=\"wpforms[id]\" value=\"3158\"><input type=\"hidden\" name=\"wpforms[author]\" value=\"1\"><button type=\"submit\" name=\"wpforms[submit]\" id=\"wpforms-submit-3158\" class=\"wpforms-submit\" data-alt-text=\"En cours...\" data-submit-text=\"Je r\u00e9serve ma s\u00e9ance\" aria-live=\"assertive\" value=\"wpforms-submit\">Je r\u00e9serve ma s\u00e9ance<\/button><img decoding=\"async\" loading=\"lazy\" src=\"https:\/\/www.crossfit-etxea.fr\/fr\/wp-content\/plugins\/wpforms-lite\/assets\/images\/submit-spin.svg\" class=\"wpforms-submit-spinner\" style=\"display: none;\" width=\"26\" height=\"26\" alt=\"Chargement en cours\"><\/div><\/form><\/div>  <!-- .wpforms-container -->","protected":false},"excerpt":{"rendered":"<p>Testez notre salle de CrossFit, fitness en r\u00e9servant votre s\u00e9ance d\u2019essai gratuite.Nous revenons vers vous par t\u00e9l\u00e9phone ou par mail pour d\u00e9finir la date et vous accompagner.<\/p>\n","protected":false},"author":1,"featured_media":3043,"parent":0,"menu_order":0,"comment_status":"closed","ping_status":"closed","template":"","meta":{"neve_meta_sidebar":"","neve_meta_container":"","neve_meta_enable_content_width":"","neve_meta_content_width":0,"neve_meta_title_alignment":"","neve_meta_author_avatar":"","neve_post_elements_order":"","neve_meta_disable_header":"","neve_meta_disable_footer":"","neve_meta_disable_title":"","footnotes":""},"yoast_head":"<!-- This site is optimized with the Yoast SEO plugin v20.13 - https:\/\/yoast.com\/wordpress\/plugins\/seo\/ -->\n<title>Essayer le CrossFit gratuitement - Bayonne, Biaritz<\/title>\n<meta name=\"description\" content=\"\ud83c\udfcb\ufe0f\u200d\u2642\ufe0f R\u00e9servez vote s\u00e9ance d&#039;essai gratuite \u00e0 CrossFit Etxea. Am\u00e9liorer votre fitness, cardio, force, musculation... gratuitement \u00e0 Biaritz \/ Bayonne\" \/>\n<meta name=\"robots\" content=\"index, follow, max-snippet:-1, max-image-preview:large, max-video-preview:-1\" \/>\n<link rel=\"canonical\" href=\"https:\/\/www.crossfit-etxea.fr\/fr\/tester-crossfit-gratuit\/\" \/>\n<meta property=\"og:locale\" content=\"fr_FR\" \/>\n<meta property=\"og:type\" content=\"article\" \/>\n<meta property=\"og:title\" content=\"Essayer le CrossFit gratuitement - Bayonne, Biaritz\" \/>\n<meta property=\"og:description\" content=\"\ud83c\udfcb\ufe0f\u200d\u2642\ufe0f R\u00e9servez vote s\u00e9ance d&#039;essai gratuite \u00e0 CrossFit Etxea. Am\u00e9liorer votre fitness, cardio, force, musculation... gratuitement \u00e0 Biaritz \/ Bayonne\" \/>\n<meta property=\"og:url\" content=\"https:\/\/www.crossfit-etxea.fr\/fr\/tester-crossfit-gratuit\/\" \/>\n<meta property=\"og:site_name\" content=\"CrossFit Etxea\" \/>\n<meta property=\"article:modified_time\" content=\"2022-01-09T16:58:31+00:00\" \/>\n<meta property=\"og:image\" content=\"https:\/\/www.crossfit-etxea.fr\/fr\/wp-content\/uploads\/jonathan-borba-zfPOelmDc-M-unsplash-scaled.jpg\" \/>\n\t<meta property=\"og:image:width\" content=\"2560\" \/>\n\t<meta property=\"og:image:height\" content=\"1707\" \/>\n\t<meta property=\"og:image:type\" content=\"image\/jpeg\" \/>\n<meta name=\"twitter:card\" content=\"summary_large_image\" \/>\n<meta name=\"twitter:label1\" content=\"Dur\u00e9e de lecture estim\u00e9e\" \/>\n\t<meta name=\"twitter:data1\" content=\"1 minute\" \/>\n<script type=\"application\/ld+json\" class=\"yoast-schema-graph\">{\"@context\":\"https:\/\/schema.org\",\"@graph\":[{\"@type\":\"WebPage\",\"@id\":\"https:\/\/www.crossfit-etxea.fr\/fr\/tester-crossfit-gratuit\/\",\"url\":\"https:\/\/www.crossfit-etxea.fr\/fr\/tester-crossfit-gratuit\/\",\"name\":\"Essayer le CrossFit gratuitement - Bayonne, Biaritz\",\"isPartOf\":{\"@id\":\"https:\/\/www.crossfit-etxea.fr\/fr\/#website\"},\"datePublished\":\"2022-01-09T16:57:09+00:00\",\"dateModified\":\"2022-01-09T16:58:31+00:00\",\"description\":\"\ud83c\udfcb\ufe0f\u200d\u2642\ufe0f R\u00e9servez vote s\u00e9ance d'essai gratuite \u00e0 CrossFit Etxea. Am\u00e9liorer votre fitness, cardio, force, musculation... gratuitement \u00e0 Biaritz \/ Bayonne\",\"breadcrumb\":{\"@id\":\"https:\/\/www.crossfit-etxea.fr\/fr\/tester-crossfit-gratuit\/#breadcrumb\"},\"inLanguage\":\"fr-FR\",\"potentialAction\":[{\"@type\":\"ReadAction\",\"target\":[\"https:\/\/www.crossfit-etxea.fr\/fr\/tester-crossfit-gratuit\/\"]}]},{\"@type\":\"BreadcrumbList\",\"@id\":\"https:\/\/www.crossfit-etxea.fr\/fr\/tester-crossfit-gratuit\/#breadcrumb\",\"itemListElement\":[{\"@type\":\"ListItem\",\"position\":1,\"name\":\"Accueil\",\"item\":\"https:\/\/www.crossfit-etxea.fr\/fr\/\"},{\"@type\":\"ListItem\",\"position\":2,\"name\":\"S\u00e9ance d&rsquo;essai gratuite\"}]},{\"@type\":\"WebSite\",\"@id\":\"https:\/\/www.crossfit-etxea.fr\/fr\/#website\",\"url\":\"https:\/\/www.crossfit-etxea.fr\/fr\/\",\"name\":\"CrossFit Etxea\",\"description\":\"Maison du Fitness\",\"publisher\":{\"@id\":\"https:\/\/www.crossfit-etxea.fr\/fr\/#organization\"},\"potentialAction\":[{\"@type\":\"SearchAction\",\"target\":{\"@type\":\"EntryPoint\",\"urlTemplate\":\"https:\/\/www.crossfit-etxea.fr\/fr\/?s={search_term_string}\"},\"query-input\":\"required name=search_term_string\"}],\"inLanguage\":\"fr-FR\"},{\"@type\":\"Organization\",\"@id\":\"https:\/\/www.crossfit-etxea.fr\/fr\/#organization\",\"name\":\"CrossFit Etxea\",\"url\":\"https:\/\/www.crossfit-etxea.fr\/fr\/\",\"logo\":{\"@type\":\"ImageObject\",\"inLanguage\":\"fr-FR\",\"@id\":\"https:\/\/www.crossfit-etxea.fr\/fr\/#\/schema\/logo\/image\/\",\"url\":\"https:\/\/www.crossfit-etxea.fr\/fr\/wp-content\/uploads\/Crossfit-Etxea.png\",\"contentUrl\":\"https:\/\/www.crossfit-etxea.fr\/fr\/wp-content\/uploads\/Crossfit-Etxea.png\",\"width\":500,\"height\":385,\"caption\":\"CrossFit Etxea\"},\"image\":{\"@id\":\"https:\/\/www.crossfit-etxea.fr\/fr\/#\/schema\/logo\/image\/\"},\"sameAs\":[\"https:\/\/www.instagram.com\/crossfitetxea64\"]}]}<\/script>\n<!-- \/ Yoast SEO plugin. -->","yoast_head_json":{"title":"Essayer le CrossFit gratuitement - Bayonne, Biaritz","description":"\ud83c\udfcb\ufe0f\u200d\u2642\ufe0f R\u00e9servez vote s\u00e9ance d'essai gratuite \u00e0 CrossFit Etxea. Am\u00e9liorer votre fitness, cardio, force, musculation... gratuitement \u00e0 Biaritz \/ Bayonne","robots":{"index":"index","follow":"follow","max-snippet":"max-snippet:-1","max-image-preview":"max-image-preview:large","max-video-preview":"max-video-preview:-1"},"canonical":"https:\/\/www.crossfit-etxea.fr\/fr\/tester-crossfit-gratuit\/","og_locale":"fr_FR","og_type":"article","og_title":"Essayer le CrossFit gratuitement - Bayonne, Biaritz","og_description":"\ud83c\udfcb\ufe0f\u200d\u2642\ufe0f R\u00e9servez vote s\u00e9ance d'essai gratuite \u00e0 CrossFit Etxea. Am\u00e9liorer votre fitness, cardio, force, musculation... gratuitement \u00e0 Biaritz \/ Bayonne","og_url":"https:\/\/www.crossfit-etxea.fr\/fr\/tester-crossfit-gratuit\/","og_site_name":"CrossFit Etxea","article_modified_time":"2022-01-09T16:58:31+00:00","og_image":[{"width":2560,"height":1707,"url":"https:\/\/www.crossfit-etxea.fr\/fr\/wp-content\/uploads\/jonathan-borba-zfPOelmDc-M-unsplash-scaled.jpg","type":"image\/jpeg"}],"twitter_card":"summary_large_image","twitter_misc":{"Dur\u00e9e de lecture estim\u00e9e":"1 minute"},"schema":{"@context":"https:\/\/schema.org","@graph":[{"@type":"WebPage","@id":"https:\/\/www.crossfit-etxea.fr\/fr\/tester-crossfit-gratuit\/","url":"https:\/\/www.crossfit-etxea.fr\/fr\/tester-crossfit-gratuit\/","name":"Essayer le CrossFit gratuitement - Bayonne, Biaritz","isPartOf":{"@id":"https:\/\/www.crossfit-etxea.fr\/fr\/#website"},"datePublished":"2022-01-09T16:57:09+00:00","dateModified":"2022-01-09T16:58:31+00:00","description":"\ud83c\udfcb\ufe0f\u200d\u2642\ufe0f R\u00e9servez vote s\u00e9ance d'essai gratuite \u00e0 CrossFit Etxea. Am\u00e9liorer votre fitness, cardio, force, musculation... gratuitement \u00e0 Biaritz \/ Bayonne","breadcrumb":{"@id":"https:\/\/www.crossfit-etxea.fr\/fr\/tester-crossfit-gratuit\/#breadcrumb"},"inLanguage":"fr-FR","potentialAction":[{"@type":"ReadAction","target":["https:\/\/www.crossfit-etxea.fr\/fr\/tester-crossfit-gratuit\/"]}]},{"@type":"BreadcrumbList","@id":"https:\/\/www.crossfit-etxea.fr\/fr\/tester-crossfit-gratuit\/#breadcrumb","itemListElement":[{"@type":"ListItem","position":1,"name":"Accueil","item":"https:\/\/www.crossfit-etxea.fr\/fr\/"},{"@type":"ListItem","position":2,"name":"S\u00e9ance d&rsquo;essai gratuite"}]},{"@type":"WebSite","@id":"https:\/\/www.crossfit-etxea.fr\/fr\/#website","url":"https:\/\/www.crossfit-etxea.fr\/fr\/","name":"CrossFit Etxea","description":"Maison du Fitness","publisher":{"@id":"https:\/\/www.crossfit-etxea.fr\/fr\/#organization"},"potentialAction":[{"@type":"SearchAction","target":{"@type":"EntryPoint","urlTemplate":"https:\/\/www.crossfit-etxea.fr\/fr\/?s={search_term_string}"},"query-input":"required name=search_term_string"}],"inLanguage":"fr-FR"},{"@type":"Organization","@id":"https:\/\/www.crossfit-etxea.fr\/fr\/#organization","name":"CrossFit Etxea","url":"https:\/\/www.crossfit-etxea.fr\/fr\/","logo":{"@type":"ImageObject","inLanguage":"fr-FR","@id":"https:\/\/www.crossfit-etxea.fr\/fr\/#\/schema\/logo\/image\/","url":"https:\/\/www.crossfit-etxea.fr\/fr\/wp-content\/uploads\/Crossfit-Etxea.png","contentUrl":"https:\/\/www.crossfit-etxea.fr\/fr\/wp-content\/uploads\/Crossfit-Etxea.png","width":500,"height":385,"caption":"CrossFit Etxea"},"image":{"@id":"https:\/\/www.crossfit-etxea.fr\/fr\/#\/schema\/logo\/image\/"},"sameAs":["https:\/\/www.instagram.com\/crossfitetxea64"]}]}},"_links":{"self":[{"href":"https:\/\/www.crossfit-etxea.fr\/fr\/wp-json\/wp\/v2\/pages\/3159"}],"collection":[{"href":"https:\/\/www.crossfit-etxea.fr\/fr\/wp-json\/wp\/v2\/pages"}],"about":[{"href":"https:\/\/www.crossfit-etxea.fr\/fr\/wp-json\/wp\/v2\/types\/page"}],"author":[{"embeddable":true,"href":"https:\/\/www.crossfit-etxea.fr\/fr\/wp-json\/wp\/v2\/users\/1"}],"replies":[{"embeddable":true,"href":"https:\/\/www.crossfit-etxea.fr\/fr\/wp-json\/wp\/v2\/comments?post=3159"}],"version-history":[{"count":2,"href":"https:\/\/www.crossfit-etxea.fr\/fr\/wp-json\/wp\/v2\/pages\/3159\/revisions"}],"predecessor-version":[{"id":3161,"href":"https:\/\/www.crossfit-etxea.fr\/fr\/wp-json\/wp\/v2\/pages\/3159\/revisions\/3161"}],"wp:featuredmedia":[{"embeddable":true,"href":"https:\/\/www.crossfit-etxea.fr\/fr\/wp-json\/wp\/v2\/media\/3043"}],"wp:attachment":[{"href":"https:\/\/www.crossfit-etxea.fr\/fr\/wp-json\/wp\/v2\/media?parent=3159"}],"curies":[{"name":"wp","href":"https:\/\/api.w.org\/{rel}","templated":true}]}}