{"id":3162,"date":"2022-01-09T17:11:25","date_gmt":"2022-01-09T17:11:25","guid":{"rendered":"https:\/\/www.crossfit-etxea.fr\/fr\/?page_id=3162"},"modified":"2022-01-09T17:20:02","modified_gmt":"2022-01-09T17:20:02","slug":"tester-crossfit-gratuit-confirm","status":"publish","type":"page","link":"https:\/\/www.crossfit-etxea.fr\/fr\/tester-crossfit-gratuit-confirm\/","title":{"rendered":"Confirmation, s\u00e9ance d&rsquo;essai"},"content":{"rendered":"\n<p class=\"has-background\" style=\"background-color:#e9fff6\">\ud83d\udc4d <strong>Nous avons re\u00e7u votre demande.<\/strong><br>Restez pr\u00e8s de votre t\u00e9l\u00e9phone, nous revenons vers vous tr\u00e8s vite.<\/p>\n","protected":false},"excerpt":{"rendered":"<p>\ud83d\udc4d Nous avons re\u00e7u votre demande.Restez pr\u00e8s de votre t\u00e9l\u00e9phone, nous revenons vers vous tr\u00e8s vite.<\/p>\n","protected":false},"author":1,"featured_media":0,"parent":0,"menu_order":0,"comment_status":"closed","ping_status":"closed","template":"","meta":{"neve_meta_sidebar":"","neve_meta_container":"","neve_meta_enable_content_width":"","neve_meta_content_width":0,"neve_meta_title_alignment":"","neve_meta_author_avatar":"","neve_post_elements_order":"","neve_meta_disable_header":"","neve_meta_disable_footer":"","neve_meta_disable_title":"","footnotes":""},"yoast_head":"<!-- This site is optimized with the Yoast SEO plugin v20.13 - https:\/\/yoast.com\/wordpress\/plugins\/seo\/ -->\n<title>Confirmation, s\u00e9ance d&#039;essai - CrossFit Etxea<\/title>\n<meta name=\"robots\" content=\"noindex, nofollow\" \/>\n<meta property=\"og:locale\" content=\"fr_FR\" \/>\n<meta property=\"og:type\" content=\"article\" \/>\n<meta property=\"og:title\" content=\"Confirmation, s\u00e9ance d&#039;essai - CrossFit Etxea\" \/>\n<meta property=\"og:description\" content=\"\ud83d\udc4d Nous avons re\u00e7u votre demande.Restez pr\u00e8s de votre t\u00e9l\u00e9phone, nous revenons vers vous tr\u00e8s vite.\" \/>\n<meta property=\"og:url\" content=\"https:\/\/www.crossfit-etxea.fr\/fr\/tester-crossfit-gratuit-confirm\/\" \/>\n<meta property=\"og:site_name\" content=\"CrossFit Etxea\" \/>\n<meta property=\"article:modified_time\" content=\"2022-01-09T17:20:02+00:00\" \/>\n<meta name=\"twitter:card\" content=\"summary_large_image\" \/>\n<meta name=\"twitter:label1\" content=\"Dur\u00e9e de lecture estim\u00e9e\" \/>\n\t<meta name=\"twitter:data1\" content=\"1 minute\" \/>\n<script type=\"application\/ld+json\" class=\"yoast-schema-graph\">{\"@context\":\"https:\/\/schema.org\",\"@graph\":[{\"@type\":\"WebPage\",\"@id\":\"https:\/\/www.crossfit-etxea.fr\/fr\/tester-crossfit-gratuit-confirm\/\",\"url\":\"https:\/\/www.crossfit-etxea.fr\/fr\/tester-crossfit-gratuit-confirm\/\",\"name\":\"Confirmation, s\u00e9ance d'essai - CrossFit Etxea\",\"isPartOf\":{\"@id\":\"https:\/\/www.crossfit-etxea.fr\/fr\/#website\"},\"datePublished\":\"2022-01-09T17:11:25+00:00\",\"dateModified\":\"2022-01-09T17:20:02+00:00\",\"breadcrumb\":{\"@id\":\"https:\/\/www.crossfit-etxea.fr\/fr\/tester-crossfit-gratuit-confirm\/#breadcrumb\"},\"inLanguage\":\"fr-FR\",\"potentialAction\":[{\"@type\":\"ReadAction\",\"target\":[\"https:\/\/www.crossfit-etxea.fr\/fr\/tester-crossfit-gratuit-confirm\/\"]}]},{\"@type\":\"BreadcrumbList\",\"@id\":\"https:\/\/www.crossfit-etxea.fr\/fr\/tester-crossfit-gratuit-confirm\/#breadcrumb\",\"itemListElement\":[{\"@type\":\"ListItem\",\"position\":1,\"name\":\"Accueil\",\"item\":\"https:\/\/www.crossfit-etxea.fr\/fr\/\"},{\"@type\":\"ListItem\",\"position\":2,\"name\":\"Confirmation, s\u00e9ance d&rsquo;essai\"}]},{\"@type\":\"WebSite\",\"@id\":\"https:\/\/www.crossfit-etxea.fr\/fr\/#website\",\"url\":\"https:\/\/www.crossfit-etxea.fr\/fr\/\",\"name\":\"CrossFit Etxea\",\"description\":\"Maison du Fitness\",\"publisher\":{\"@id\":\"https:\/\/www.crossfit-etxea.fr\/fr\/#organization\"},\"potentialAction\":[{\"@type\":\"SearchAction\",\"target\":{\"@type\":\"EntryPoint\",\"urlTemplate\":\"https:\/\/www.crossfit-etxea.fr\/fr\/?s={search_term_string}\"},\"query-input\":\"required name=search_term_string\"}],\"inLanguage\":\"fr-FR\"},{\"@type\":\"Organization\",\"@id\":\"https:\/\/www.crossfit-etxea.fr\/fr\/#organization\",\"name\":\"CrossFit Etxea\",\"url\":\"https:\/\/www.crossfit-etxea.fr\/fr\/\",\"logo\":{\"@type\":\"ImageObject\",\"inLanguage\":\"fr-FR\",\"@id\":\"https:\/\/www.crossfit-etxea.fr\/fr\/#\/schema\/logo\/image\/\",\"url\":\"https:\/\/www.crossfit-etxea.fr\/fr\/wp-content\/uploads\/Crossfit-Etxea.png\",\"contentUrl\":\"https:\/\/www.crossfit-etxea.fr\/fr\/wp-content\/uploads\/Crossfit-Etxea.png\",\"width\":500,\"height\":385,\"caption\":\"CrossFit Etxea\"},\"image\":{\"@id\":\"https:\/\/www.crossfit-etxea.fr\/fr\/#\/schema\/logo\/image\/\"},\"sameAs\":[\"https:\/\/www.instagram.com\/crossfitetxea64\"]}]}<\/script>\n<!-- \/ Yoast SEO plugin. -->","yoast_head_json":{"title":"Confirmation, s\u00e9ance d'essai - CrossFit Etxea","robots":{"index":"noindex","follow":"nofollow"},"og_locale":"fr_FR","og_type":"article","og_title":"Confirmation, s\u00e9ance d'essai - CrossFit Etxea","og_description":"\ud83d\udc4d Nous avons re\u00e7u votre demande.Restez pr\u00e8s de votre t\u00e9l\u00e9phone, nous revenons vers vous tr\u00e8s vite.","og_url":"https:\/\/www.crossfit-etxea.fr\/fr\/tester-crossfit-gratuit-confirm\/","og_site_name":"CrossFit Etxea","article_modified_time":"2022-01-09T17:20:02+00:00","twitter_card":"summary_large_image","twitter_misc":{"Dur\u00e9e de lecture estim\u00e9e":"1 minute"},"schema":{"@context":"https:\/\/schema.org","@graph":[{"@type":"WebPage","@id":"https:\/\/www.crossfit-etxea.fr\/fr\/tester-crossfit-gratuit-confirm\/","url":"https:\/\/www.crossfit-etxea.fr\/fr\/tester-crossfit-gratuit-confirm\/","name":"Confirmation, s\u00e9ance d'essai - CrossFit Etxea","isPartOf":{"@id":"https:\/\/www.crossfit-etxea.fr\/fr\/#website"},"datePublished":"2022-01-09T17:11:25+00:00","dateModified":"2022-01-09T17:20:02+00:00","breadcrumb":{"@id":"https:\/\/www.crossfit-etxea.fr\/fr\/tester-crossfit-gratuit-confirm\/#breadcrumb"},"inLanguage":"fr-FR","potentialAction":[{"@type":"ReadAction","target":["https:\/\/www.crossfit-etxea.fr\/fr\/tester-crossfit-gratuit-confirm\/"]}]},{"@type":"BreadcrumbList","@id":"https:\/\/www.crossfit-etxea.fr\/fr\/tester-crossfit-gratuit-confirm\/#breadcrumb","itemListElement":[{"@type":"ListItem","position":1,"name":"Accueil","item":"https:\/\/www.crossfit-etxea.fr\/fr\/"},{"@type":"ListItem","position":2,"name":"Confirmation, s\u00e9ance d&rsquo;essai"}]},{"@type":"WebSite","@id":"https:\/\/www.crossfit-etxea.fr\/fr\/#website","url":"https:\/\/www.crossfit-etxea.fr\/fr\/","name":"CrossFit Etxea","description":"Maison du Fitness","publisher":{"@id":"https:\/\/www.crossfit-etxea.fr\/fr\/#organization"},"potentialAction":[{"@type":"SearchAction","target":{"@type":"EntryPoint","urlTemplate":"https:\/\/www.crossfit-etxea.fr\/fr\/?s={search_term_string}"},"query-input":"required name=search_term_string"}],"inLanguage":"fr-FR"},{"@type":"Organization","@id":"https:\/\/www.crossfit-etxea.fr\/fr\/#organization","name":"CrossFit Etxea","url":"https:\/\/www.crossfit-etxea.fr\/fr\/","logo":{"@type":"ImageObject","inLanguage":"fr-FR","@id":"https:\/\/www.crossfit-etxea.fr\/fr\/#\/schema\/logo\/image\/","url":"https:\/\/www.crossfit-etxea.fr\/fr\/wp-content\/uploads\/Crossfit-Etxea.png","contentUrl":"https:\/\/www.crossfit-etxea.fr\/fr\/wp-content\/uploads\/Crossfit-Etxea.png","width":500,"height":385,"caption":"CrossFit Etxea"},"image":{"@id":"https:\/\/www.crossfit-etxea.fr\/fr\/#\/schema\/logo\/image\/"},"sameAs":["https:\/\/www.instagram.com\/crossfitetxea64"]}]}},"_links":{"self":[{"href":"https:\/\/www.crossfit-etxea.fr\/fr\/wp-json\/wp\/v2\/pages\/3162"}],"collection":[{"href":"https:\/\/www.crossfit-etxea.fr\/fr\/wp-json\/wp\/v2\/pages"}],"about":[{"href":"https:\/\/www.crossfit-etxea.fr\/fr\/wp-json\/wp\/v2\/types\/page"}],"author":[{"embeddable":true,"href":"https:\/\/www.crossfit-etxea.fr\/fr\/wp-json\/wp\/v2\/users\/1"}],"replies":[{"embeddable":true,"href":"https:\/\/www.crossfit-etxea.fr\/fr\/wp-json\/wp\/v2\/comments?post=3162"}],"version-history":[{"count":2,"href":"https:\/\/www.crossfit-etxea.fr\/fr\/wp-json\/wp\/v2\/pages\/3162\/revisions"}],"predecessor-version":[{"id":3166,"href":"https:\/\/www.crossfit-etxea.fr\/fr\/wp-json\/wp\/v2\/pages\/3162\/revisions\/3166"}],"wp:attachment":[{"href":"https:\/\/www.crossfit-etxea.fr\/fr\/wp-json\/wp\/v2\/media?parent=3162"}],"curies":[{"name":"wp","href":"https:\/\/api.w.org\/{rel}","templated":true}]}}